{"id":116,"date":"2022-11-03T17:30:23","date_gmt":"2022-11-03T16:30:23","guid":{"rendered":"https:\/\/sabinapoulsen.com\/?post_type=product&#038;p=116"},"modified":"2025-02-04T14:02:30","modified_gmt":"2025-02-04T13:02:30","slug":"sorvagsvatn","status":"publish","type":"product","link":"https:\/\/sabinapoulsen.com\/en\/product\/sorvagsvatn\/","title":{"rendered":"S\u00d8RV\u00c1GSVATN"},"content":{"rendered":"<div class=\"column one-second mobile-one\"><div class=\"mcb-column-inner\">\n<h2>S\u00d8RV\u00c1GSVATN<\/h2>\n<ul class=\"list_check\">\n<li>Meeting place: Magn gas station Mi\u00f0v\u00e1gur.<\/li>\n<\/ul>\n<p>The route around the lake has a low level of difficulty, but it is nevertheless better to get trekking shoes. Walking poles may also prove useful. To begin with, a walk along the southeastern shore of S\u00f8rv\u00e1gsvatn awaits us. Several beautiful viewpoints await us along the route. A must-see is the ascent of Tr\u00e6lan\u00edpa, an escarpment from which slaves unable to continue working were thrown in the past. In good weather, there is a great view of the islands of Koltur and Hestur, among others, and even the shores of Sandoy.<\/p>\n<p>From Tr\u00e6lan\u00edpa we will head to the B\u00f8sdalafossur waterfall. We'll approach the point from which its cascade can be seen in its full glory. This is also a great spot for a picnic. On the way back we will visit the statue of Nykur - the sinister spirit of the lake, who, in the form of a beautiful steed, kidnaps his victims into the depths of S\u00f8rv\u00e1gsvatn. The sculpture, actually a metalwork by P\u00f3lo Skar\u00f0enni, has adorned the northern shore of the lake since 2017.<\/p>\n<p><strong>Duration:<\/strong> 6h<\/p>\n<p><b>Price:<\/b> 170 euro\/per person<\/p>\n<p>Price includes:<\/p>\n<ul>\n<li>Trail entrance fee<\/li>\n<li>All-day pilot care<\/li>\n<li>Warm drinks and snacks<\/li>\n<\/ul>\n<p>The price does not include:<\/p>\n<ul>\n<li>Insurance<\/li>\n<\/ul>\n<p><\/div><\/div>\n<br \/>\n<div class=\"column one-second mobile-one\"><div class=\"mcb-column-inner\"><br \/>\n<img decoding=\"async\" class=\"alignnone wp-image-68 size-full\" src=\"https:\/\/sabinapoulsen.com\/wp-content\/uploads\/2022\/11\/travel2-productdetails-pic5.png\" alt=\"\" width=\"780\" height=\"961\" \/><br \/>\n<\/div><\/div>\n<\/p>","protected":false},"excerpt":{"rendered":"<p>The Faroe Islands' largest freshwater reservoir has gained fame for its optical illusion. B\u00f8sdalafossur waterfall, whose cascade falls directly into the ocean, when photographed from a certain angle, looks as if it merges the ocean with the waters of the lake.<\/p>","protected":false},"featured_media":131,"template":"","meta":[],"product_brand":[],"product_cat":[28,27],"product_tag":[],"class_list":{"0":"post-116","1":"product","2":"type-product","3":"status-publish","4":"has-post-thumbnail","6":"product_cat-wycieczki-1-dniowe","7":"product_cat-wycieczki","9":"first","10":"instock","11":"shipping-taxable","12":"purchasable","13":"product-type-simple"},"_links":{"self":[{"href":"https:\/\/sabinapoulsen.com\/en\/wp-json\/wp\/v2\/product\/116","targetHints":{"allow":["GET"]}}],"collection":[{"href":"https:\/\/sabinapoulsen.com\/en\/wp-json\/wp\/v2\/product"}],"about":[{"href":"https:\/\/sabinapoulsen.com\/en\/wp-json\/wp\/v2\/types\/product"}],"wp:featuredmedia":[{"embeddable":true,"href":"https:\/\/sabinapoulsen.com\/en\/wp-json\/wp\/v2\/media\/131"}],"wp:attachment":[{"href":"https:\/\/sabinapoulsen.com\/en\/wp-json\/wp\/v2\/media?parent=116"}],"wp:term":[{"taxonomy":"product_brand","embeddable":true,"href":"https:\/\/sabinapoulsen.com\/en\/wp-json\/wp\/v2\/product_brand?post=116"},{"taxonomy":"product_cat","embeddable":true,"href":"https:\/\/sabinapoulsen.com\/en\/wp-json\/wp\/v2\/product_cat?post=116"},{"taxonomy":"product_tag","embeddable":true,"href":"https:\/\/sabinapoulsen.com\/en\/wp-json\/wp\/v2\/product_tag?post=116"}],"curies":[{"name":"wp","href":"https:\/\/api.w.org\/{rel}","templated":true}]}}